{"id":58,"date":"2016-11-21T13:47:58","date_gmt":"2016-11-21T12:47:58","guid":{"rendered":"https:\/\/rondvaartmiddelburg.nl\/index.php\/home\/?lang=de"},"modified":"2024-12-18T09:11:35","modified_gmt":"2024-12-18T08:11:35","slug":"home","status":"publish","type":"page","link":"https:\/\/rondvaartmiddelburg.nl\/de\/","title":{"rendered":"Home"},"content":{"rendered":"<h1>Das Historische Middelburg vom Wasser aus gesehen<\/h1>\n<p>Wenn Sie Middelburg in der Vergangenheit und Gegenwart auf eine andere Art und Weisse kennen lernen m\u00f6chten dann ist eine Bootsfahrt in unseren Booten ein sch\u00f6ner Anreiz f\u00fcr Jung und Alt. W\u00e4hrend der Rundfahrt bekommen Sie einen guten \u00fcberblick \u00fcber Middelburg (2017 feiert Middelburg das Sie schon 800 Jahre Stadtrechte hat ) und Sie k\u00f6nnen die Geschichte von Middelburg noch einmal erleben.<\/p>\n<p>Der Kapit\u00e4n erz\u00e4hlt was Sie sehen und das Formt ein besonders Bild von unserer wunderbaren Stadt.<\/p>\n<div style=\"width: 960px;\" class=\"wp-video\"><!--[if lt IE 9]><script>document.createElement('video');<\/script><![endif]-->\n<video class=\"wp-video-shortcode\" id=\"video-58-1\" width=\"960\" height=\"540\" preload=\"metadata\" controls=\"controls\"><source type=\"video\/mp4\" src=\"https:\/\/rondvaartmiddelburg.nl\/uploads\/2024\/05\/rondvaart_middelburg-540p.mp4?_=1\" \/><a href=\"https:\/\/rondvaartmiddelburg.nl\/uploads\/2024\/05\/rondvaart_middelburg-540p.mp4\">https:\/\/rondvaartmiddelburg.nl\/uploads\/2024\/05\/rondvaart_middelburg-540p.mp4<\/a><\/video><\/div>\n","protected":false},"excerpt":{"rendered":"<p>Das Historische Middelburg vom Wasser aus gesehen Wenn Sie Middelburg in der Vergangenheit und Gegenwart auf eine andere Art und Weisse kennen lernen m\u00f6chten dann ist eine Bootsfahrt in unseren Booten ein sch\u00f6ner Anreiz f\u00fcr Jung und Alt. W\u00e4hrend der Rundfahrt bekommen Sie einen guten \u00fcberblick \u00fcber Middelburg (2017 feiert Middelburg das Sie schon 800 [&hellip;]<\/p>\n","protected":false},"author":1,"featured_media":0,"parent":0,"menu_order":10,"comment_status":"closed","ping_status":"closed","template":"","meta":{"_acf_changed":false,"footnotes":""},"class_list":["post-58","page","type-page","status-publish","hentry"],"acf":[],"yoast_head":"<!-- This site is optimized with the Yoast SEO plugin v25.6 - https:\/\/yoast.com\/wordpress\/plugins\/seo\/ -->\n<title>Home - Rondvaart Middelburg<\/title>\n<meta name=\"robots\" content=\"index, follow, max-snippet:-1, max-image-preview:large, max-video-preview:-1\" \/>\n<link rel=\"canonical\" href=\"https:\/\/rondvaartmiddelburg.nl\/de\/\" \/>\n<meta property=\"og:locale\" content=\"de_DE\" \/>\n<meta property=\"og:type\" content=\"article\" \/>\n<meta property=\"og:title\" content=\"Home - Rondvaart Middelburg\" \/>\n<meta property=\"og:description\" content=\"Das Historische Middelburg vom Wasser aus gesehen Wenn Sie Middelburg in der Vergangenheit und Gegenwart auf eine andere Art und Weisse kennen lernen m\u00f6chten dann ist eine Bootsfahrt in unseren Booten ein sch\u00f6ner Anreiz f\u00fcr Jung und Alt. W\u00e4hrend der Rundfahrt bekommen Sie einen guten \u00fcberblick \u00fcber Middelburg (2017 feiert Middelburg das Sie schon 800 [&hellip;]\" \/>\n<meta property=\"og:url\" content=\"https:\/\/rondvaartmiddelburg.nl\/de\/\" \/>\n<meta property=\"og:site_name\" content=\"Rondvaart Middelburg\" \/>\n<meta property=\"article:modified_time\" content=\"2024-12-18T08:11:35+00:00\" \/>\n<meta name=\"twitter:card\" content=\"summary_large_image\" \/>\n<meta name=\"twitter:label1\" content=\"Est. reading time\" \/>\n\t<meta name=\"twitter:data1\" content=\"1 minute\" \/>\n<script type=\"application\/ld+json\" class=\"yoast-schema-graph\">{\"@context\":\"https:\/\/schema.org\",\"@graph\":[{\"@type\":\"WebPage\",\"@id\":\"https:\/\/rondvaartmiddelburg.nl\/de\/\",\"url\":\"https:\/\/rondvaartmiddelburg.nl\/de\/\",\"name\":\"Home - Rondvaart Middelburg\",\"isPartOf\":{\"@id\":\"https:\/\/rondvaartmiddelburg.nl\/#website\"},\"datePublished\":\"2016-11-21T12:47:58+00:00\",\"dateModified\":\"2024-12-18T08:11:35+00:00\",\"breadcrumb\":{\"@id\":\"https:\/\/rondvaartmiddelburg.nl\/de\/#breadcrumb\"},\"inLanguage\":\"de-DE\",\"potentialAction\":[{\"@type\":\"ReadAction\",\"target\":[\"https:\/\/rondvaartmiddelburg.nl\/de\/\"]}]},{\"@type\":\"BreadcrumbList\",\"@id\":\"https:\/\/rondvaartmiddelburg.nl\/de\/#breadcrumb\",\"itemListElement\":[{\"@type\":\"ListItem\",\"position\":1,\"name\":\"Home\",\"item\":\"https:\/\/rondvaartmiddelburg.nl\/de\/\"},{\"@type\":\"ListItem\",\"position\":2,\"name\":\"Home\"}]},{\"@type\":\"WebSite\",\"@id\":\"https:\/\/rondvaartmiddelburg.nl\/#website\",\"url\":\"https:\/\/rondvaartmiddelburg.nl\/\",\"name\":\"Rondvaart Middelburg\",\"description\":\"\",\"potentialAction\":[{\"@type\":\"SearchAction\",\"target\":{\"@type\":\"EntryPoint\",\"urlTemplate\":\"https:\/\/rondvaartmiddelburg.nl\/?s={search_term_string}\"},\"query-input\":{\"@type\":\"PropertyValueSpecification\",\"valueRequired\":true,\"valueName\":\"search_term_string\"}}],\"inLanguage\":\"de-DE\"}]}<\/script>\n<!-- \/ Yoast SEO plugin. -->","yoast_head_json":{"title":"Home - Rondvaart Middelburg","robots":{"index":"index","follow":"follow","max-snippet":"max-snippet:-1","max-image-preview":"max-image-preview:large","max-video-preview":"max-video-preview:-1"},"canonical":"https:\/\/rondvaartmiddelburg.nl\/de\/","og_locale":"de_DE","og_type":"article","og_title":"Home - Rondvaart Middelburg","og_description":"Das Historische Middelburg vom Wasser aus gesehen Wenn Sie Middelburg in der Vergangenheit und Gegenwart auf eine andere Art und Weisse kennen lernen m\u00f6chten dann ist eine Bootsfahrt in unseren Booten ein sch\u00f6ner Anreiz f\u00fcr Jung und Alt. W\u00e4hrend der Rundfahrt bekommen Sie einen guten \u00fcberblick \u00fcber Middelburg (2017 feiert Middelburg das Sie schon 800 [&hellip;]","og_url":"https:\/\/rondvaartmiddelburg.nl\/de\/","og_site_name":"Rondvaart Middelburg","article_modified_time":"2024-12-18T08:11:35+00:00","twitter_card":"summary_large_image","twitter_misc":{"Est. reading time":"1 minute"},"schema":{"@context":"https:\/\/schema.org","@graph":[{"@type":"WebPage","@id":"https:\/\/rondvaartmiddelburg.nl\/de\/","url":"https:\/\/rondvaartmiddelburg.nl\/de\/","name":"Home - Rondvaart Middelburg","isPartOf":{"@id":"https:\/\/rondvaartmiddelburg.nl\/#website"},"datePublished":"2016-11-21T12:47:58+00:00","dateModified":"2024-12-18T08:11:35+00:00","breadcrumb":{"@id":"https:\/\/rondvaartmiddelburg.nl\/de\/#breadcrumb"},"inLanguage":"de-DE","potentialAction":[{"@type":"ReadAction","target":["https:\/\/rondvaartmiddelburg.nl\/de\/"]}]},{"@type":"BreadcrumbList","@id":"https:\/\/rondvaartmiddelburg.nl\/de\/#breadcrumb","itemListElement":[{"@type":"ListItem","position":1,"name":"Home","item":"https:\/\/rondvaartmiddelburg.nl\/de\/"},{"@type":"ListItem","position":2,"name":"Home"}]},{"@type":"WebSite","@id":"https:\/\/rondvaartmiddelburg.nl\/#website","url":"https:\/\/rondvaartmiddelburg.nl\/","name":"Rondvaart Middelburg","description":"","potentialAction":[{"@type":"SearchAction","target":{"@type":"EntryPoint","urlTemplate":"https:\/\/rondvaartmiddelburg.nl\/?s={search_term_string}"},"query-input":{"@type":"PropertyValueSpecification","valueRequired":true,"valueName":"search_term_string"}}],"inLanguage":"de-DE"}]}},"_links":{"self":[{"href":"https:\/\/rondvaartmiddelburg.nl\/de\/wp-json\/wp\/v2\/pages\/58","targetHints":{"allow":["GET"]}}],"collection":[{"href":"https:\/\/rondvaartmiddelburg.nl\/de\/wp-json\/wp\/v2\/pages"}],"about":[{"href":"https:\/\/rondvaartmiddelburg.nl\/de\/wp-json\/wp\/v2\/types\/page"}],"author":[{"embeddable":true,"href":"https:\/\/rondvaartmiddelburg.nl\/de\/wp-json\/wp\/v2\/users\/1"}],"replies":[{"embeddable":true,"href":"https:\/\/rondvaartmiddelburg.nl\/de\/wp-json\/wp\/v2\/comments?post=58"}],"version-history":[{"count":2,"href":"https:\/\/rondvaartmiddelburg.nl\/de\/wp-json\/wp\/v2\/pages\/58\/revisions"}],"predecessor-version":[{"id":822,"href":"https:\/\/rondvaartmiddelburg.nl\/de\/wp-json\/wp\/v2\/pages\/58\/revisions\/822"}],"wp:attachment":[{"href":"https:\/\/rondvaartmiddelburg.nl\/de\/wp-json\/wp\/v2\/media?parent=58"}],"curies":[{"name":"wp","href":"https:\/\/api.w.org\/{rel}","templated":true}]}}