{"id":452,"date":"2016-11-21T11:54:34","date_gmt":"2016-11-21T10:54:34","guid":{"rendered":"https:\/\/rondvaartmiddelburg.nl\/kano-verhuur\/"},"modified":"2024-11-22T09:51:22","modified_gmt":"2024-11-22T08:51:22","slug":"kanuverleih","status":"publish","type":"page","link":"https:\/\/rondvaartmiddelburg.nl\/de\/kanuverleih\/","title":{"rendered":"SUP &#038; Kanuverleih"},"content":{"rendered":"<h1>Kanu &amp; SUP mieten<\/h1>\n<p>Neben Bootsfahrten vermieten wir auch Kanus &amp; SUP Boards . Unsere Kanus sind f\u00fcr maximal drei Personen pro Kanu und mit Paddel und einer Droogton ausgestattet.<\/p>\n<p>F\u00fcr Kinder haben wir Schwimmwesten bei Bedarf. Das ist der Weg wo Sie selber, die Kan\u00e4le von Middelburg enddecken k\u00f6nnen. Sehr sch\u00f6n, mit Familie, Freunden oder Kollegen die Grachteng\u00fcrtels von Middelburg zu entdecken.<\/p>\n<p>Macht es Ihnen besonderst viel Spa\u00df das Kanufahren dann kombinieren Sie es mit einem sch\u00f6nen Arrangement f\u00fcr einem unvergesslichen Aufenthalt.<\/p>\n<p><img loading=\"lazy\" decoding=\"async\" class=\"alignnone size-thumbnail wp-image-616\" src=\"https:\/\/rondvaartmiddelburg.nl\/uploads\/2021\/05\/026cb478-e5a1-4244-ac29-858866a23fd5-150x150.jpg\" alt=\"\" width=\"150\" height=\"150\" \/> <img loading=\"lazy\" decoding=\"async\" class=\"alignnone size-thumbnail wp-image-625\" src=\"https:\/\/rondvaartmiddelburg.nl\/uploads\/2016\/11\/kano-150x150.jpg\" alt=\"\" width=\"150\" height=\"150\" \/> <img loading=\"lazy\" decoding=\"async\" class=\"alignnone size-thumbnail wp-image-597\" src=\"https:\/\/rondvaartmiddelburg.nl\/uploads\/2021\/05\/b95738d8-73a4-4c48-abc6-d5b591a3baf7-150x150.jpg\" alt=\"\" width=\"150\" height=\"150\" \/><\/p>\n<p><a class=\"fh-lang fh-button-true-flat-color fh-shape--square\" href=\"https:\/\/fareharbor.com\/embeds\/book\/rondvaartmiddelburg\/?flow=1154833\">Jetzt Buchen<\/a><br \/>\n<!--\n\n\n<div class=\"fhCal\">\n<script src=\"https:\/\/fareharbor.com\/embeds\/script\/calendar-small\/rondvaartmiddelburg\/?fallback=simple&full-items=yes&flow=1154833\"><\/script><\/div>\n\n\n--><\/p>\n<p><!--\n\n\n<h2>Reserveren<\/h2>\n\n\n--><br \/>\n<!-- [gravityform id=\"2\" title=\"false\" description=\"false\" tabindex=\"1\"] --><\/p>\n","protected":false},"excerpt":{"rendered":"<p>Kanu &amp; SUP mieten Neben Bootsfahrten vermieten wir auch Kanus &amp; SUP Boards . Unsere Kanus sind f\u00fcr maximal drei Personen pro Kanu und mit Paddel und einer Droogton ausgestattet. F\u00fcr Kinder haben wir Schwimmwesten bei Bedarf. Das ist der Weg wo Sie selber, die Kan\u00e4le von Middelburg enddecken k\u00f6nnen. Sehr sch\u00f6n, mit Familie, Freunden [&hellip;]<\/p>\n","protected":false},"author":1,"featured_media":0,"parent":0,"menu_order":40,"comment_status":"closed","ping_status":"closed","template":"","meta":{"_acf_changed":false,"footnotes":""},"class_list":["post-452","page","type-page","status-publish","hentry"],"acf":[],"yoast_head":"<!-- This site is optimized with the Yoast SEO plugin v25.6 - https:\/\/yoast.com\/wordpress\/plugins\/seo\/ -->\n<title>SUP &amp; Kanuverleih - Rondvaart Middelburg<\/title>\n<meta name=\"robots\" content=\"index, follow, max-snippet:-1, max-image-preview:large, max-video-preview:-1\" \/>\n<link rel=\"canonical\" href=\"https:\/\/rondvaartmiddelburg.nl\/de\/kanuverleih\/\" \/>\n<meta property=\"og:locale\" content=\"de_DE\" \/>\n<meta property=\"og:type\" content=\"article\" \/>\n<meta property=\"og:title\" content=\"SUP &amp; Kanuverleih - Rondvaart Middelburg\" \/>\n<meta property=\"og:description\" content=\"Kanu &amp; SUP mieten Neben Bootsfahrten vermieten wir auch Kanus &amp; SUP Boards . Unsere Kanus sind f\u00fcr maximal drei Personen pro Kanu und mit Paddel und einer Droogton ausgestattet. F\u00fcr Kinder haben wir Schwimmwesten bei Bedarf. Das ist der Weg wo Sie selber, die Kan\u00e4le von Middelburg enddecken k\u00f6nnen. Sehr sch\u00f6n, mit Familie, Freunden [&hellip;]\" \/>\n<meta property=\"og:url\" content=\"https:\/\/rondvaartmiddelburg.nl\/de\/kanuverleih\/\" \/>\n<meta property=\"og:site_name\" content=\"Rondvaart Middelburg\" \/>\n<meta property=\"article:modified_time\" content=\"2024-11-22T08:51:22+00:00\" \/>\n<meta property=\"og:image\" content=\"https:\/\/rondvaartmiddelburg.nl\/uploads\/2021\/05\/026cb478-e5a1-4244-ac29-858866a23fd5-150x150.jpg\" \/>\n<meta name=\"twitter:card\" content=\"summary_large_image\" \/>\n<meta name=\"twitter:label1\" content=\"Est. reading time\" \/>\n\t<meta name=\"twitter:data1\" content=\"2 minutes\" \/>\n<script type=\"application\/ld+json\" class=\"yoast-schema-graph\">{\"@context\":\"https:\/\/schema.org\",\"@graph\":[{\"@type\":\"WebPage\",\"@id\":\"https:\/\/rondvaartmiddelburg.nl\/de\/kanuverleih\/\",\"url\":\"https:\/\/rondvaartmiddelburg.nl\/de\/kanuverleih\/\",\"name\":\"SUP & Kanuverleih - Rondvaart Middelburg\",\"isPartOf\":{\"@id\":\"https:\/\/rondvaartmiddelburg.nl\/#website\"},\"primaryImageOfPage\":{\"@id\":\"https:\/\/rondvaartmiddelburg.nl\/de\/kanuverleih\/#primaryimage\"},\"image\":{\"@id\":\"https:\/\/rondvaartmiddelburg.nl\/de\/kanuverleih\/#primaryimage\"},\"thumbnailUrl\":\"https:\/\/rondvaartmiddelburg.nl\/uploads\/2021\/05\/026cb478-e5a1-4244-ac29-858866a23fd5-150x150.jpg\",\"datePublished\":\"2016-11-21T10:54:34+00:00\",\"dateModified\":\"2024-11-22T08:51:22+00:00\",\"breadcrumb\":{\"@id\":\"https:\/\/rondvaartmiddelburg.nl\/de\/kanuverleih\/#breadcrumb\"},\"inLanguage\":\"de-DE\",\"potentialAction\":[{\"@type\":\"ReadAction\",\"target\":[\"https:\/\/rondvaartmiddelburg.nl\/de\/kanuverleih\/\"]}]},{\"@type\":\"ImageObject\",\"inLanguage\":\"de-DE\",\"@id\":\"https:\/\/rondvaartmiddelburg.nl\/de\/kanuverleih\/#primaryimage\",\"url\":\"https:\/\/rondvaartmiddelburg.nl\/uploads\/2021\/05\/026cb478-e5a1-4244-ac29-858866a23fd5-150x150.jpg\",\"contentUrl\":\"https:\/\/rondvaartmiddelburg.nl\/uploads\/2021\/05\/026cb478-e5a1-4244-ac29-858866a23fd5-150x150.jpg\"},{\"@type\":\"BreadcrumbList\",\"@id\":\"https:\/\/rondvaartmiddelburg.nl\/de\/kanuverleih\/#breadcrumb\",\"itemListElement\":[{\"@type\":\"ListItem\",\"position\":1,\"name\":\"Home\",\"item\":\"https:\/\/rondvaartmiddelburg.nl\/de\/\"},{\"@type\":\"ListItem\",\"position\":2,\"name\":\"SUP &#038; Kanuverleih\"}]},{\"@type\":\"WebSite\",\"@id\":\"https:\/\/rondvaartmiddelburg.nl\/#website\",\"url\":\"https:\/\/rondvaartmiddelburg.nl\/\",\"name\":\"Rondvaart Middelburg\",\"description\":\"\",\"potentialAction\":[{\"@type\":\"SearchAction\",\"target\":{\"@type\":\"EntryPoint\",\"urlTemplate\":\"https:\/\/rondvaartmiddelburg.nl\/?s={search_term_string}\"},\"query-input\":{\"@type\":\"PropertyValueSpecification\",\"valueRequired\":true,\"valueName\":\"search_term_string\"}}],\"inLanguage\":\"de-DE\"}]}<\/script>\n<!-- \/ Yoast SEO plugin. -->","yoast_head_json":{"title":"SUP & Kanuverleih - Rondvaart Middelburg","robots":{"index":"index","follow":"follow","max-snippet":"max-snippet:-1","max-image-preview":"max-image-preview:large","max-video-preview":"max-video-preview:-1"},"canonical":"https:\/\/rondvaartmiddelburg.nl\/de\/kanuverleih\/","og_locale":"de_DE","og_type":"article","og_title":"SUP & Kanuverleih - Rondvaart Middelburg","og_description":"Kanu &amp; SUP mieten Neben Bootsfahrten vermieten wir auch Kanus &amp; SUP Boards . Unsere Kanus sind f\u00fcr maximal drei Personen pro Kanu und mit Paddel und einer Droogton ausgestattet. F\u00fcr Kinder haben wir Schwimmwesten bei Bedarf. Das ist der Weg wo Sie selber, die Kan\u00e4le von Middelburg enddecken k\u00f6nnen. Sehr sch\u00f6n, mit Familie, Freunden [&hellip;]","og_url":"https:\/\/rondvaartmiddelburg.nl\/de\/kanuverleih\/","og_site_name":"Rondvaart Middelburg","article_modified_time":"2024-11-22T08:51:22+00:00","og_image":[{"url":"https:\/\/rondvaartmiddelburg.nl\/uploads\/2021\/05\/026cb478-e5a1-4244-ac29-858866a23fd5-150x150.jpg","type":"","width":"","height":""}],"twitter_card":"summary_large_image","twitter_misc":{"Est. reading time":"2 minutes"},"schema":{"@context":"https:\/\/schema.org","@graph":[{"@type":"WebPage","@id":"https:\/\/rondvaartmiddelburg.nl\/de\/kanuverleih\/","url":"https:\/\/rondvaartmiddelburg.nl\/de\/kanuverleih\/","name":"SUP & Kanuverleih - Rondvaart Middelburg","isPartOf":{"@id":"https:\/\/rondvaartmiddelburg.nl\/#website"},"primaryImageOfPage":{"@id":"https:\/\/rondvaartmiddelburg.nl\/de\/kanuverleih\/#primaryimage"},"image":{"@id":"https:\/\/rondvaartmiddelburg.nl\/de\/kanuverleih\/#primaryimage"},"thumbnailUrl":"https:\/\/rondvaartmiddelburg.nl\/uploads\/2021\/05\/026cb478-e5a1-4244-ac29-858866a23fd5-150x150.jpg","datePublished":"2016-11-21T10:54:34+00:00","dateModified":"2024-11-22T08:51:22+00:00","breadcrumb":{"@id":"https:\/\/rondvaartmiddelburg.nl\/de\/kanuverleih\/#breadcrumb"},"inLanguage":"de-DE","potentialAction":[{"@type":"ReadAction","target":["https:\/\/rondvaartmiddelburg.nl\/de\/kanuverleih\/"]}]},{"@type":"ImageObject","inLanguage":"de-DE","@id":"https:\/\/rondvaartmiddelburg.nl\/de\/kanuverleih\/#primaryimage","url":"https:\/\/rondvaartmiddelburg.nl\/uploads\/2021\/05\/026cb478-e5a1-4244-ac29-858866a23fd5-150x150.jpg","contentUrl":"https:\/\/rondvaartmiddelburg.nl\/uploads\/2021\/05\/026cb478-e5a1-4244-ac29-858866a23fd5-150x150.jpg"},{"@type":"BreadcrumbList","@id":"https:\/\/rondvaartmiddelburg.nl\/de\/kanuverleih\/#breadcrumb","itemListElement":[{"@type":"ListItem","position":1,"name":"Home","item":"https:\/\/rondvaartmiddelburg.nl\/de\/"},{"@type":"ListItem","position":2,"name":"SUP &#038; Kanuverleih"}]},{"@type":"WebSite","@id":"https:\/\/rondvaartmiddelburg.nl\/#website","url":"https:\/\/rondvaartmiddelburg.nl\/","name":"Rondvaart Middelburg","description":"","potentialAction":[{"@type":"SearchAction","target":{"@type":"EntryPoint","urlTemplate":"https:\/\/rondvaartmiddelburg.nl\/?s={search_term_string}"},"query-input":{"@type":"PropertyValueSpecification","valueRequired":true,"valueName":"search_term_string"}}],"inLanguage":"de-DE"}]}},"_links":{"self":[{"href":"https:\/\/rondvaartmiddelburg.nl\/de\/wp-json\/wp\/v2\/pages\/452","targetHints":{"allow":["GET"]}}],"collection":[{"href":"https:\/\/rondvaartmiddelburg.nl\/de\/wp-json\/wp\/v2\/pages"}],"about":[{"href":"https:\/\/rondvaartmiddelburg.nl\/de\/wp-json\/wp\/v2\/types\/page"}],"author":[{"embeddable":true,"href":"https:\/\/rondvaartmiddelburg.nl\/de\/wp-json\/wp\/v2\/users\/1"}],"replies":[{"embeddable":true,"href":"https:\/\/rondvaartmiddelburg.nl\/de\/wp-json\/wp\/v2\/comments?post=452"}],"version-history":[{"count":5,"href":"https:\/\/rondvaartmiddelburg.nl\/de\/wp-json\/wp\/v2\/pages\/452\/revisions"}],"predecessor-version":[{"id":815,"href":"https:\/\/rondvaartmiddelburg.nl\/de\/wp-json\/wp\/v2\/pages\/452\/revisions\/815"}],"wp:attachment":[{"href":"https:\/\/rondvaartmiddelburg.nl\/de\/wp-json\/wp\/v2\/media?parent=452"}],"curies":[{"name":"wp","href":"https:\/\/api.w.org\/{rel}","templated":true}]}}