{"id":449,"date":"2017-03-22T11:36:15","date_gmt":"2017-03-22T10:36:15","guid":{"rendered":"https:\/\/rondvaartmiddelburg.nl\/?page_id=449\/"},"modified":"2017-03-22T12:07:31","modified_gmt":"2017-03-22T11:07:31","slug":"gruppen","status":"publish","type":"page","link":"https:\/\/rondvaartmiddelburg.nl\/de\/gruppen\/","title":{"rendered":"Gruppen"},"content":{"rendered":"<h1>Gruppen<\/h1>\n<p>Die Bootsfahrt ist ideal f\u00fcr Gruppen um die Stadt in einer einzigartigen Art und Weise kennen zu lernen. Eine Bootsfahrt ist auch ein guter Anlass f\u00fcr eine Excursion, Klassenfahrt, Familienfeier oder Hochzeit. Es gibt viele M\u00f6glichkeiten. Ein Beispiel ist die Kooperation mit Essen zu Fu\u00df einschlie\u00dflich unter anderem ein  &#8220;Spaziergang und eine Bootfahrt, das ist dann im Preis inbegriffen.<\/p>\n<p>Bitte kontaktieren Sie uns um Ihre W\u00fcnsche und Angebote zu besprechen.<\/p>\n<p>Haben Sie etwas zu feiern oder m\u00f6chten Sie das Wochenende mit Kollegen einl\u00e4uten mit einem Snack und einem Getr\u00e4nk ? Wir begr\u00fc\u00dfen Sie an Bord.<\/p>\n<script type=\"text\/javascript\">\n\/* <![CDATA[ *\/\nvar gform;gform||(document.addEventListener(\"gform_main_scripts_loaded\",function(){gform.scriptsLoaded=!0}),document.addEventListener(\"gform\/theme\/scripts_loaded\",function(){gform.themeScriptsLoaded=!0}),window.addEventListener(\"DOMContentLoaded\",function(){gform.domLoaded=!0}),gform={domLoaded:!1,scriptsLoaded:!1,themeScriptsLoaded:!1,isFormEditor:()=>\"function\"==typeof InitializeEditor,callIfLoaded:function(o){return!(!gform.domLoaded||!gform.scriptsLoaded||!gform.themeScriptsLoaded&&!gform.isFormEditor()||(gform.isFormEditor()&&console.warn(\"The use of gform.initializeOnLoaded() is deprecated in the form editor context and will be removed in Gravity Forms 3.1.\"),o(),0))},initializeOnLoaded:function(o){gform.callIfLoaded(o)||(document.addEventListener(\"gform_main_scripts_loaded\",()=>{gform.scriptsLoaded=!0,gform.callIfLoaded(o)}),document.addEventListener(\"gform\/theme\/scripts_loaded\",()=>{gform.themeScriptsLoaded=!0,gform.callIfLoaded(o)}),window.addEventListener(\"DOMContentLoaded\",()=>{gform.domLoaded=!0,gform.callIfLoaded(o)}))},hooks:{action:{},filter:{}},addAction:function(o,r,e,t){gform.addHook(\"action\",o,r,e,t)},addFilter:function(o,r,e,t){gform.addHook(\"filter\",o,r,e,t)},doAction:function(o){gform.doHook(\"action\",o,arguments)},applyFilters:function(o){return gform.doHook(\"filter\",o,arguments)},removeAction:function(o,r){gform.removeHook(\"action\",o,r)},removeFilter:function(o,r,e){gform.removeHook(\"filter\",o,r,e)},addHook:function(o,r,e,t,n){null==gform.hooks[o][r]&&(gform.hooks[o][r]=[]);var d=gform.hooks[o][r];null==n&&(n=r+\"_\"+d.length),gform.hooks[o][r].push({tag:n,callable:e,priority:t=null==t?10:t})},doHook:function(r,o,e){var t;if(e=Array.prototype.slice.call(e,1),null!=gform.hooks[r][o]&&((o=gform.hooks[r][o]).sort(function(o,r){return o.priority-r.priority}),o.forEach(function(o){\"function\"!=typeof(t=o.callable)&&(t=window[t]),\"action\"==r?t.apply(null,e):e[0]=t.apply(null,e)})),\"filter\"==r)return e[0]},removeHook:function(o,r,t,n){var e;null!=gform.hooks[o][r]&&(e=(e=gform.hooks[o][r]).filter(function(o,r,e){return!!(null!=n&&n!=o.tag||null!=t&&t!=o.priority)}),gform.hooks[o][r]=e)}});\n\/* ]]> *\/\n<\/script>\n\n                <div class='gf_browser_gecko gform_wrapper gform_legacy_markup_wrapper gform-theme--no-framework reservationform_wrapper' data-form-theme='legacy' data-form-index='0' id='gform_wrapper_1' ><form method='post' enctype='multipart\/form-data'  id='gform_1' class='reservationform' action='\/de\/wp-json\/wp\/v2\/pages\/449' data-formid='1' novalidate>\n                        <div class='gform-body gform_body'><ul id='gform_fields_1' class='gform_fields top_label form_sublabel_below description_above validation_below'><li id=\"field_1_18\" class=\"gfield gfield--type-honeypot gform_validation_container field_sublabel_below gfield--has-description field_description_above field_validation_below gfield_visibility_visible\"  ><label class='gfield_label gform-field-label' for='input_1_18'>X\/Twitter<\/label><div class='gfield_description' id='gfield_description_1_18'>This field is for validation purposes and should be left unchanged.<\/div><div class='ginput_container'><input name='input_18' id='input_1_18' type='text' value='' autocomplete='new-password'\/><\/div><\/li><li id=\"field_1_1\" class=\"gfield gfield--type-text split-field gfield_contains_required field_sublabel_below gfield--no-description field_description_above field_validation_below gfield_visibility_visible\"  ><label class='gfield_label gform-field-label' for='input_1_1'>Naam<span class=\"gfield_required\"><span class=\"gfield_required gfield_required_asterisk\">*<\/span><\/span><\/label><div class='ginput_container ginput_container_text'><input name='input_1' id='input_1_1' type='text' value='' class='large'     aria-required=\"true\" aria-invalid=\"false\"   \/><\/div><\/li><li id=\"field_1_4\" class=\"gfield gfield--type-text split-field field_sublabel_below gfield--no-description field_description_above field_validation_below gfield_visibility_visible\"  ><label class='gfield_label gform-field-label' for='input_1_4'>Organisatie<\/label><div class='ginput_container ginput_container_text'><input name='input_4' id='input_1_4' type='text' value='' class='large'      aria-invalid=\"false\"   \/><\/div><\/li><li id=\"field_1_5\" class=\"gfield gfield--type-address gfield_contains_required field_sublabel_below gfield--no-description field_description_above field_validation_below gfield_visibility_visible\"  ><label class='gfield_label gform-field-label gfield_label_before_complex' >Adres<span class=\"gfield_required\"><span class=\"gfield_required gfield_required_asterisk\">*<\/span><\/span><\/label>    \n                    <div class='ginput_complex ginput_container has_street has_city has_zip ginput_container_address gform-grid-row' id='input_1_5' >\n                         <span class='ginput_full address_line_1 ginput_address_line_1 gform-grid-col' id='input_1_5_1_container' >\n                                        <input type='text' name='input_5.1' id='input_1_5_1' value=''    aria-required='true'    \/>\n                                        <label for='input_1_5_1' id='input_1_5_1_label' class='gform-field-label gform-field-label--type-sub '>Street Address<\/label>\n                                    <\/span><span class='ginput_left address_city ginput_address_city gform-grid-col' id='input_1_5_3_container' >\n                                    <input type='text' name='input_5.3' id='input_1_5_3' value=''    aria-required='true'    \/>\n                                    <label for='input_1_5_3' id='input_1_5_3_label' class='gform-field-label gform-field-label--type-sub '>City<\/label>\n                                 <\/span><input type='hidden' class='gform_hidden' name='input_5.4' id='input_1_5_4' value=''\/><span class='ginput_right address_zip ginput_address_zip gform-grid-col' id='input_1_5_5_container' >\n                                    <input type='text' name='input_5.5' id='input_1_5_5' value=''    aria-required='true'    \/>\n                                    <label for='input_1_5_5' id='input_1_5_5_label' class='gform-field-label gform-field-label--type-sub '>ZIP \/ Postal Code<\/label>\n                                <\/span><input type='hidden' class='gform_hidden' name='input_5.6' id='input_1_5_6' value='' \/>\n                    <div class='gf_clear gf_clear_complex'><\/div>\n                <\/div><\/li><li id=\"field_1_6\" class=\"gfield gfield--type-phone split-field gfield_contains_required field_sublabel_below gfield--no-description field_description_above field_validation_below gfield_visibility_visible\"  ><label class='gfield_label gform-field-label' for='input_1_6'>Telefoon<span class=\"gfield_required\"><span class=\"gfield_required gfield_required_asterisk\">*<\/span><\/span><\/label><div class='ginput_container ginput_container_phone'><input name='input_6' id='input_1_6' type='tel' value='' class='large'   aria-required=\"true\" aria-invalid=\"false\"   \/><\/div><\/li><li id=\"field_1_8\" class=\"gfield gfield--type-email split-field gfield_contains_required field_sublabel_below gfield--no-description field_description_above field_validation_below gfield_visibility_visible\"  ><label class='gfield_label gform-field-label' for='input_1_8'>E-mailadres<span class=\"gfield_required\"><span class=\"gfield_required gfield_required_asterisk\">*<\/span><\/span><\/label><div class='ginput_container ginput_container_email'>\n                            <input name='input_8' id='input_1_8' type='email' value='' class='large'    aria-required=\"true\" aria-invalid=\"false\"  \/>\n                        <\/div><\/li><li id=\"field_1_3\" class=\"gfield gfield--type-date gfield--input-type-datepicker gfield--datepicker-default-icon split-field gfield_contains_required field_sublabel_below gfield--no-description field_description_above field_validation_below gfield_visibility_visible\"  ><label class='gfield_label gform-field-label' for='input_1_3'>Datum<span class=\"gfield_required\"><span class=\"gfield_required gfield_required_asterisk\">*<\/span><\/span><\/label><div class='ginput_container ginput_container_date'>\n                            <input name='input_3' id='input_1_3' type='text' value='17-05-2026' class='datepicker gform-datepicker dmy_dash datepicker_with_icon gdatepicker_with_icon'   placeholder='dd-mm-yyyy' aria-describedby=\"input_1_3_date_format\" aria-invalid=\"false\" aria-required=\"true\"\/>\n                            <span id='input_1_3_date_format' class='screen-reader-text'>DD dash MM dash YYYY<\/span>\n                        <\/div>\n                        <input type='hidden' id='gforms_calendar_icon_input_1_3' class='gform_hidden' value='https:\/\/rondvaartmiddelburg.nl\/plugins\/gravityforms\/images\/datepicker\/datepicker.svg'\/><\/li><li id=\"field_1_14\" class=\"gfield gfield--type-text split-field gfield_contains_required field_sublabel_below gfield--no-description field_description_above field_validation_below gfield_visibility_visible\"  ><label class='gfield_label gform-field-label' for='input_1_14'>Tijd<span class=\"gfield_required\"><span class=\"gfield_required gfield_required_asterisk\">*<\/span><\/span><\/label><div class='ginput_container ginput_container_text'><input name='input_14' id='input_1_14' type='text' value='' class='large'     aria-required=\"true\" aria-invalid=\"false\"   \/><\/div><\/li><li id=\"field_1_12\" class=\"gfield gfield--type-number split-field gfield_contains_required field_sublabel_below gfield--has-description field_description_above field_validation_below gfield_visibility_visible\"  ><label class='gfield_label gform-field-label' for='input_1_12'>Aantal volwassenen<span class=\"gfield_required\"><span class=\"gfield_required gfield_required_asterisk\">*<\/span><\/span><\/label><div class='gfield_description' id='gfield_description_1_12'>vanaf 12 jaar<\/div><div class='ginput_container ginput_container_number'><input name='input_12' id='input_1_12' type='number' step='any' min='0'  value='0' class='large'     aria-required=\"true\" aria-invalid=\"false\" aria-describedby=\"gfield_instruction_1_12 gfield_description_1_12\" \/><div class='gfield_description instruction ' id='gfield_instruction_1_12'>Please enter a number greater than or equal to <strong>0<\/strong>.<\/div><\/div><\/li><li id=\"field_1_13\" class=\"gfield gfield--type-number split-field gfield_contains_required field_sublabel_below gfield--has-description field_description_above field_validation_below gfield_visibility_visible\"  ><label class='gfield_label gform-field-label' for='input_1_13'>Aantal kinderen<span class=\"gfield_required\"><span class=\"gfield_required gfield_required_asterisk\">*<\/span><\/span><\/label><div class='gfield_description' id='gfield_description_1_13'>tot en met 11 jaar<\/div><div class='ginput_container ginput_container_number'><input name='input_13' id='input_1_13' type='number' step='any' min='0'  value='0' class='large'     aria-required=\"true\" aria-invalid=\"false\" aria-describedby=\"gfield_instruction_1_13 gfield_description_1_13\" \/><div class='gfield_description instruction ' id='gfield_instruction_1_13'>Please enter a number greater than or equal to <strong>0<\/strong>.<\/div><\/div><\/li><li id=\"field_1_15\" class=\"gfield gfield--type-html gfield_html field_sublabel_below gfield--no-description field_description_above field_validation_below gfield_visibility_visible\"  ><strong>LET OP!<\/strong> U kunt alleen reserveren voor groepen. MINIMAAL 15 PERSONEN!<\/li><li id=\"field_1_11\" class=\"gfield gfield--type-textarea field_sublabel_below gfield--no-description field_description_above field_validation_below gfield_visibility_visible\"  ><label class='gfield_label gform-field-label' for='input_1_11'>Opmerkingen<\/label><div class='ginput_container ginput_container_textarea'><textarea name='input_11' id='input_1_11' class='textarea medium'      aria-invalid=\"false\"   rows='10' cols='50'><\/textarea><\/div><\/li><li id=\"field_1_17\" class=\"gfield gfield--type-consent gfield--type-choice gfield--input-type-consent gfield--width-full gfield_contains_required field_sublabel_below gfield--no-description field_description_above field_validation_below gfield_visibility_visible\"  ><label class='gfield_label gform-field-label gfield_label_before_complex' >Instemming<span class=\"gfield_required\"><span class=\"gfield_required gfield_required_asterisk\">*<\/span><\/span><\/label><div class='ginput_container ginput_container_consent'><input name='input_17.1' id='input_1_17_1' type='checkbox' value='1'   aria-required=\"true\" aria-invalid=\"false\"   \/> <label class=\"gform-field-label gform-field-label--type-inline gfield_consent_label\" for='input_1_17_1' >Ik ga akkoord met de <a href=\"https:\/\/rondvaartmiddelburg.nl\/algemene-voorwaarden\/\" target=\"_blank\">algemene voorwaarden<\/a>.<\/label><input type='hidden' name='input_17.2' value='Ik ga akkoord met de &lt;a href=&quot;https:\/\/rondvaartmiddelburg.nl\/algemene-voorwaarden\/&quot; target=&quot;_blank&quot;&gt;algemene voorwaarden&lt;\/a&gt;.' class='gform_hidden' \/><input type='hidden' name='input_17.3' value='1' class='gform_hidden' \/><\/div><\/li><\/ul><\/div>\n        <div class='gform-footer gform_footer top_label'> <input type='submit' id='gform_submit_button_1' class='gform_button button' onclick='gform.submission.handleButtonClick(this);' data-submission-type='submit' value='Versturen'  \/> \n            <input type='hidden' class='gform_hidden' name='gform_submission_method' data-js='gform_submission_method_1' value='postback' \/>\n            <input type='hidden' class='gform_hidden' name='gform_theme' data-js='gform_theme_1' id='gform_theme_1' value='legacy' \/>\n            <input type='hidden' class='gform_hidden' name='gform_style_settings' data-js='gform_style_settings_1' id='gform_style_settings_1' value='[]' \/>\n            <input type='hidden' class='gform_hidden' name='is_submit_1' value='1' \/>\n            <input type='hidden' class='gform_hidden' name='gform_submit' value='1' \/>\n            \n            <input type='hidden' class='gform_hidden' name='gform_currency' data-currency='EUR' value='HcFGr+U3t8ef47nLVhOv+xOL7C8HnoiB55GmC2C+l\/\/AUbUFO7qpewfQmtVDkQdhC2eclDzkXNdxaKl6miIxdZI\/3ognXlEkyUD5GJkqENhVoiQ=' \/>\n            <input type='hidden' class='gform_hidden' name='gform_unique_id' value='' \/>\n            <input type='hidden' class='gform_hidden' name='state_1' value='WyJ7XCIxNy4xXCI6XCI1MzBmMGUyNTA4NjE3ZDFmNzVjYzM2YWE4M2Q4ZDZhOFwiLFwiMTcuMlwiOlwiYmRhYTg5YjE1NmU5ZGRjZTFlMGZkNDAxN2Q3NmRhZmZcIixcIjE3LjNcIjpcIjUzMGYwZTI1MDg2MTdkMWY3NWNjMzZhYTgzZDhkNmE4XCJ9IiwiMTdmMjMzNzNjMTQ5YzkwNzdiMmE5ODQ5MmVmZGQ0ZDQiXQ==' \/>\n            <input type='hidden' autocomplete='off' class='gform_hidden' name='gform_target_page_number_1' id='gform_target_page_number_1' value='0' \/>\n            <input type='hidden' autocomplete='off' class='gform_hidden' name='gform_source_page_number_1' id='gform_source_page_number_1' value='1' \/>\n            <input type='hidden' name='gform_field_values' value='' \/>\n            \n        <\/div>\n                        <\/form>\n                        <\/div><script type=\"text\/javascript\">\n\/* <![CDATA[ *\/\n gform.initializeOnLoaded( function() {gformInitSpinner( 1, 'https:\/\/rondvaartmiddelburg.nl\/plugins\/gravityforms\/images\/spinner.svg', true );jQuery('#gform_ajax_frame_1').on('load',function(){var contents = jQuery(this).contents().find('*').html();var is_postback = contents.indexOf('GF_AJAX_POSTBACK') >= 0;if(!is_postback){return;}var form_content = jQuery(this).contents().find('#gform_wrapper_1');var is_confirmation = jQuery(this).contents().find('#gform_confirmation_wrapper_1').length > 0;var is_redirect = contents.indexOf('gformRedirect(){') >= 0;var is_form = form_content.length > 0 && ! is_redirect && ! is_confirmation;var mt = parseInt(jQuery('html').css('margin-top'), 10) + parseInt(jQuery('body').css('margin-top'), 10) + 100;if(is_form){jQuery('#gform_wrapper_1').html(form_content.html());if(form_content.hasClass('gform_validation_error')){jQuery('#gform_wrapper_1').addClass('gform_validation_error');} else {jQuery('#gform_wrapper_1').removeClass('gform_validation_error');}setTimeout( function() { \/* delay the scroll by 50 milliseconds to fix a bug in chrome *\/  }, 50 );if(window['gformInitDatepicker']) {gformInitDatepicker();}if(window['gformInitPriceFields']) {gformInitPriceFields();}var current_page = jQuery('#gform_source_page_number_1').val();gformInitSpinner( 1, 'https:\/\/rondvaartmiddelburg.nl\/plugins\/gravityforms\/images\/spinner.svg', true );jQuery(document).trigger('gform_page_loaded', [1, current_page]);window['gf_submitting_1'] = false;}else if(!is_redirect){var confirmation_content = jQuery(this).contents().find('.GF_AJAX_POSTBACK').html();if(!confirmation_content){confirmation_content = contents;}jQuery('#gform_wrapper_1').replaceWith(confirmation_content);jQuery(document).trigger('gform_confirmation_loaded', [1]);window['gf_submitting_1'] = false;wp.a11y.speak(jQuery('#gform_confirmation_message_1').text());}else{jQuery('#gform_1').append(contents);if(window['gformRedirect']) {gformRedirect();}}jQuery(document).trigger(\"gform_pre_post_render\", [{ formId: \"1\", currentPage: \"current_page\", abort: function() { this.preventDefault(); } }]);        if (event && event.defaultPrevented) {                return;        }        const gformWrapperDiv = document.getElementById( \"gform_wrapper_1\" );        if ( gformWrapperDiv ) {            const visibilitySpan = document.createElement( \"span\" );            visibilitySpan.id = \"gform_visibility_test_1\";            gformWrapperDiv.insertAdjacentElement( \"afterend\", visibilitySpan );        }        const visibilityTestDiv = document.getElementById( \"gform_visibility_test_1\" );        let postRenderFired = false;        function triggerPostRender() {            if ( postRenderFired ) {                return;            }            postRenderFired = true;            gform.core.triggerPostRenderEvents( 1, current_page );            if ( visibilityTestDiv ) {                visibilityTestDiv.parentNode.removeChild( visibilityTestDiv );            }        }        function debounce( func, wait, immediate ) {            var timeout;            return function() {                var context = this, args = arguments;                var later = function() {                    timeout = null;                    if ( !immediate ) func.apply( context, args );                };                var callNow = immediate && !timeout;                clearTimeout( timeout );                timeout = setTimeout( later, wait );                if ( callNow ) func.apply( context, args );            };        }        const debouncedTriggerPostRender = debounce( function() {            triggerPostRender();        }, 200 );        if ( visibilityTestDiv && visibilityTestDiv.offsetParent === null ) {            const observer = new MutationObserver( ( mutations ) => {                mutations.forEach( ( mutation ) => {                    if ( mutation.type === 'attributes' && visibilityTestDiv.offsetParent !== null ) {                        debouncedTriggerPostRender();                        observer.disconnect();                    }                });            });            observer.observe( document.body, {                attributes: true,                childList: false,                subtree: true,                attributeFilter: [ 'style', 'class' ],            });        } else {            triggerPostRender();        }    } );} ); \n\/* ]]> *\/\n<\/script>\n\n","protected":false},"excerpt":{"rendered":"<p>Gruppen Die Bootsfahrt ist ideal f\u00fcr Gruppen um die Stadt in einer einzigartigen Art und Weise kennen zu lernen. Eine Bootsfahrt ist auch ein guter Anlass f\u00fcr eine Excursion, Klassenfahrt, Familienfeier oder Hochzeit. Es gibt viele M\u00f6glichkeiten. Ein Beispiel ist die Kooperation mit Essen zu Fu\u00df einschlie\u00dflich unter anderem ein &#8220;Spaziergang und eine Bootfahrt, das [&hellip;]<\/p>\n","protected":false},"author":1,"featured_media":0,"parent":0,"menu_order":30,"comment_status":"closed","ping_status":"closed","template":"","meta":{"_acf_changed":false,"footnotes":""},"class_list":["post-449","page","type-page","status-publish","hentry"],"acf":[],"yoast_head":"<!-- This site is optimized with the Yoast SEO plugin v25.6 - https:\/\/yoast.com\/wordpress\/plugins\/seo\/ -->\n<title>Gruppen - Rondvaart Middelburg<\/title>\n<meta name=\"robots\" content=\"index, follow, max-snippet:-1, max-image-preview:large, max-video-preview:-1\" \/>\n<link rel=\"canonical\" href=\"https:\/\/rondvaartmiddelburg.nl\/de\/gruppen\/\" \/>\n<meta property=\"og:locale\" content=\"de_DE\" \/>\n<meta property=\"og:type\" content=\"article\" \/>\n<meta property=\"og:title\" content=\"Gruppen - Rondvaart Middelburg\" \/>\n<meta property=\"og:description\" content=\"Gruppen Die Bootsfahrt ist ideal f\u00fcr Gruppen um die Stadt in einer einzigartigen Art und Weise kennen zu lernen. Eine Bootsfahrt ist auch ein guter Anlass f\u00fcr eine Excursion, Klassenfahrt, Familienfeier oder Hochzeit. Es gibt viele M\u00f6glichkeiten. Ein Beispiel ist die Kooperation mit Essen zu Fu\u00df einschlie\u00dflich unter anderem ein &#8220;Spaziergang und eine Bootfahrt, das [&hellip;]\" \/>\n<meta property=\"og:url\" content=\"https:\/\/rondvaartmiddelburg.nl\/de\/gruppen\/\" \/>\n<meta property=\"og:site_name\" content=\"Rondvaart Middelburg\" \/>\n<meta property=\"article:modified_time\" content=\"2017-03-22T11:07:31+00:00\" \/>\n<meta name=\"twitter:card\" content=\"summary_large_image\" \/>\n<meta name=\"twitter:label1\" content=\"Est. reading time\" \/>\n\t<meta name=\"twitter:data1\" content=\"1 minute\" \/>\n<script type=\"application\/ld+json\" class=\"yoast-schema-graph\">{\"@context\":\"https:\/\/schema.org\",\"@graph\":[{\"@type\":\"WebPage\",\"@id\":\"https:\/\/rondvaartmiddelburg.nl\/de\/gruppen\/\",\"url\":\"https:\/\/rondvaartmiddelburg.nl\/de\/gruppen\/\",\"name\":\"Gruppen - Rondvaart Middelburg\",\"isPartOf\":{\"@id\":\"https:\/\/rondvaartmiddelburg.nl\/#website\"},\"datePublished\":\"2017-03-22T10:36:15+00:00\",\"dateModified\":\"2017-03-22T11:07:31+00:00\",\"breadcrumb\":{\"@id\":\"https:\/\/rondvaartmiddelburg.nl\/de\/gruppen\/#breadcrumb\"},\"inLanguage\":\"de-DE\",\"potentialAction\":[{\"@type\":\"ReadAction\",\"target\":[\"https:\/\/rondvaartmiddelburg.nl\/de\/gruppen\/\"]}]},{\"@type\":\"BreadcrumbList\",\"@id\":\"https:\/\/rondvaartmiddelburg.nl\/de\/gruppen\/#breadcrumb\",\"itemListElement\":[{\"@type\":\"ListItem\",\"position\":1,\"name\":\"Home\",\"item\":\"https:\/\/rondvaartmiddelburg.nl\/de\/\"},{\"@type\":\"ListItem\",\"position\":2,\"name\":\"Gruppen\"}]},{\"@type\":\"WebSite\",\"@id\":\"https:\/\/rondvaartmiddelburg.nl\/#website\",\"url\":\"https:\/\/rondvaartmiddelburg.nl\/\",\"name\":\"Rondvaart Middelburg\",\"description\":\"\",\"potentialAction\":[{\"@type\":\"SearchAction\",\"target\":{\"@type\":\"EntryPoint\",\"urlTemplate\":\"https:\/\/rondvaartmiddelburg.nl\/?s={search_term_string}\"},\"query-input\":{\"@type\":\"PropertyValueSpecification\",\"valueRequired\":true,\"valueName\":\"search_term_string\"}}],\"inLanguage\":\"de-DE\"}]}<\/script>\n<!-- \/ Yoast SEO plugin. -->","yoast_head_json":{"title":"Gruppen - Rondvaart Middelburg","robots":{"index":"index","follow":"follow","max-snippet":"max-snippet:-1","max-image-preview":"max-image-preview:large","max-video-preview":"max-video-preview:-1"},"canonical":"https:\/\/rondvaartmiddelburg.nl\/de\/gruppen\/","og_locale":"de_DE","og_type":"article","og_title":"Gruppen - Rondvaart Middelburg","og_description":"Gruppen Die Bootsfahrt ist ideal f\u00fcr Gruppen um die Stadt in einer einzigartigen Art und Weise kennen zu lernen. Eine Bootsfahrt ist auch ein guter Anlass f\u00fcr eine Excursion, Klassenfahrt, Familienfeier oder Hochzeit. Es gibt viele M\u00f6glichkeiten. Ein Beispiel ist die Kooperation mit Essen zu Fu\u00df einschlie\u00dflich unter anderem ein &#8220;Spaziergang und eine Bootfahrt, das [&hellip;]","og_url":"https:\/\/rondvaartmiddelburg.nl\/de\/gruppen\/","og_site_name":"Rondvaart Middelburg","article_modified_time":"2017-03-22T11:07:31+00:00","twitter_card":"summary_large_image","twitter_misc":{"Est. reading time":"1 minute"},"schema":{"@context":"https:\/\/schema.org","@graph":[{"@type":"WebPage","@id":"https:\/\/rondvaartmiddelburg.nl\/de\/gruppen\/","url":"https:\/\/rondvaartmiddelburg.nl\/de\/gruppen\/","name":"Gruppen - Rondvaart Middelburg","isPartOf":{"@id":"https:\/\/rondvaartmiddelburg.nl\/#website"},"datePublished":"2017-03-22T10:36:15+00:00","dateModified":"2017-03-22T11:07:31+00:00","breadcrumb":{"@id":"https:\/\/rondvaartmiddelburg.nl\/de\/gruppen\/#breadcrumb"},"inLanguage":"de-DE","potentialAction":[{"@type":"ReadAction","target":["https:\/\/rondvaartmiddelburg.nl\/de\/gruppen\/"]}]},{"@type":"BreadcrumbList","@id":"https:\/\/rondvaartmiddelburg.nl\/de\/gruppen\/#breadcrumb","itemListElement":[{"@type":"ListItem","position":1,"name":"Home","item":"https:\/\/rondvaartmiddelburg.nl\/de\/"},{"@type":"ListItem","position":2,"name":"Gruppen"}]},{"@type":"WebSite","@id":"https:\/\/rondvaartmiddelburg.nl\/#website","url":"https:\/\/rondvaartmiddelburg.nl\/","name":"Rondvaart Middelburg","description":"","potentialAction":[{"@type":"SearchAction","target":{"@type":"EntryPoint","urlTemplate":"https:\/\/rondvaartmiddelburg.nl\/?s={search_term_string}"},"query-input":{"@type":"PropertyValueSpecification","valueRequired":true,"valueName":"search_term_string"}}],"inLanguage":"de-DE"}]}},"_links":{"self":[{"href":"https:\/\/rondvaartmiddelburg.nl\/de\/wp-json\/wp\/v2\/pages\/449","targetHints":{"allow":["GET"]}}],"collection":[{"href":"https:\/\/rondvaartmiddelburg.nl\/de\/wp-json\/wp\/v2\/pages"}],"about":[{"href":"https:\/\/rondvaartmiddelburg.nl\/de\/wp-json\/wp\/v2\/types\/page"}],"author":[{"embeddable":true,"href":"https:\/\/rondvaartmiddelburg.nl\/de\/wp-json\/wp\/v2\/users\/1"}],"replies":[{"embeddable":true,"href":"https:\/\/rondvaartmiddelburg.nl\/de\/wp-json\/wp\/v2\/comments?post=449"}],"version-history":[{"count":2,"href":"https:\/\/rondvaartmiddelburg.nl\/de\/wp-json\/wp\/v2\/pages\/449\/revisions"}],"predecessor-version":[{"id":488,"href":"https:\/\/rondvaartmiddelburg.nl\/de\/wp-json\/wp\/v2\/pages\/449\/revisions\/488"}],"wp:attachment":[{"href":"https:\/\/rondvaartmiddelburg.nl\/de\/wp-json\/wp\/v2\/media?parent=449"}],"curies":[{"name":"wp","href":"https:\/\/api.w.org\/{rel}","templated":true}]}}