{"id":434,"date":"2017-03-22T11:26:00","date_gmt":"2017-03-22T10:26:00","guid":{"rendered":"https:\/\/rondvaartmiddelburg.nl\/over-de-rondvaart\/"},"modified":"2024-03-25T11:19:15","modified_gmt":"2024-03-25T10:19:15","slug":"ueber-die-bootsfahrt","status":"publish","type":"page","link":"https:\/\/rondvaartmiddelburg.nl\/de\/ueber-die-bootsfahrt\/","title":{"rendered":"\u00dcber die Bootsfahrt"},"content":{"rendered":"<h1>Bootsfahrt durch Middelburg<\/h1>\n<p>Fahren Sie mit den Booten aus Middelburg und wir zeigen Ihnen diese historische Stadt vom Wasser aus.<\/p>\n<p>Seit 2004 organisiert Roland und Marleen van Banning die Bootsfahrten durch die sch\u00f6ne Stadt Middelburg. Wir Fahren mit Ihnen auf den sch\u00f6nen Grachten, und nehmen Sie mit entlang des Passantenhafen in der Innenstadt von Middelburg.<\/p>\n<p>Middelburg war die zweite VOC (Vereinigte Ostindische Kompanie)  Stadt in den Niederlanden. Heute ist es die f\u00fcnfte Denkmal-Stadt der Niederlande und hat mehr als 1200 Denkm\u00e4ler.<\/p>\n<p>W\u00e4hrend der Fahrt haben Sie eine wundersch\u00f6ne Aussicht auf die sch\u00f6nsten Sehensw\u00fcrdigkeiten der Stadt. Sie fahren entlang; des langen Jan \u2013 das Aush\u00e4ngeschild von Middelburg mit 90,5 m hoch schauen Sie \u00fcber die Stadt, das Geb\u00e4ude der Vereinigte Ostindischen Kompanie, die Ost Kirche und die Kloveniersdoelen.<\/p>\n<p>Der Kapit\u00e4n erz\u00e4hlt Ihnen w\u00e4hrend der Reise, alles \u00fcber den Ursprung der Stadt, seine Geschichte und Monumentalbauten. Die Tour k\u00f6nnen wir Ihnen auf Anfrage in mehreren Sprachen (Niederl\u00e4ndisch, Englisch, Deutsch und Franz\u00f6sisch) anbieten.<\/p>\n<p>In unseren Booten k\u00f6nnen bis zu 50 Personen Platz nehmen. Die Bootsfahrt ist geeignet f\u00fcr jung und alt. Wenn Sie mit einer gr\u00f6sseren Gruppe (> 15 Personen) Fahren wollen, bitten wir Sie erst von zu vorne zu reservieren.<\/p>\n<p>Sind Sie bald in Middelburg? Fahren Sie einmal gem\u00fctlich mit uns und wir zeigen Ihnen das historische Zentrum der Stadt auf eine andere Art und Weise.<\/p>\n<p><a class=\"fh-lang fh-button-true-flat-color fh-shape--square\" href=\"https:\/\/fareharbor.com\/embeds\/book\/rondvaartmiddelburg\/items\/535761\/?flow=1152573\">Jetzt Buchen<\/a><\/p>\n<p><!--\n\n\n<div class=\"fhCal\">\n<script src=\"https:\/\/fareharbor.com\/embeds\/script\/calendar-small\/rondvaartmiddelburg\/items\/535761\/?fallback=simple&full-items=yes&flow=1152573\"><\/script>\n<\/div>\n\n\n--\n<\/p>\n","protected":false},"excerpt":{"rendered":"<p>Bootsfahrt durch Middelburg Fahren Sie mit den Booten aus Middelburg und wir zeigen Ihnen diese historische Stadt vom Wasser aus. Seit 2004 organisiert Roland und Marleen van Banning die Bootsfahrten durch die sch\u00f6ne Stadt Middelburg. Wir Fahren mit Ihnen auf den sch\u00f6nen Grachten, und nehmen Sie mit entlang des Passantenhafen in der Innenstadt von Middelburg. [&hellip;]<\/p>\n","protected":false},"author":1,"featured_media":0,"parent":0,"menu_order":20,"comment_status":"closed","ping_status":"closed","template":"","meta":{"_acf_changed":false,"footnotes":""},"class_list":["post-434","page","type-page","status-publish","hentry"],"acf":[],"yoast_head":"<!-- This site is optimized with the Yoast SEO plugin v25.6 - https:\/\/yoast.com\/wordpress\/plugins\/seo\/ -->\n<title>\u00dcber die Bootsfahrt - Rondvaart Middelburg<\/title>\n<meta name=\"robots\" content=\"index, follow, max-snippet:-1, max-image-preview:large, max-video-preview:-1\" \/>\n<link rel=\"canonical\" href=\"https:\/\/rondvaartmiddelburg.nl\/de\/ueber-die-bootsfahrt\/\" \/>\n<meta property=\"og:locale\" content=\"de_DE\" \/>\n<meta property=\"og:type\" content=\"article\" \/>\n<meta property=\"og:title\" content=\"\u00dcber die Bootsfahrt - Rondvaart Middelburg\" \/>\n<meta property=\"og:description\" content=\"Bootsfahrt durch Middelburg Fahren Sie mit den Booten aus Middelburg und wir zeigen Ihnen diese historische Stadt vom Wasser aus. Seit 2004 organisiert Roland und Marleen van Banning die Bootsfahrten durch die sch\u00f6ne Stadt Middelburg. Wir Fahren mit Ihnen auf den sch\u00f6nen Grachten, und nehmen Sie mit entlang des Passantenhafen in der Innenstadt von Middelburg. [&hellip;]\" \/>\n<meta property=\"og:url\" content=\"https:\/\/rondvaartmiddelburg.nl\/de\/ueber-die-bootsfahrt\/\" \/>\n<meta property=\"og:site_name\" content=\"Rondvaart Middelburg\" \/>\n<meta property=\"article:modified_time\" content=\"2024-03-25T10:19:15+00:00\" \/>\n<meta name=\"twitter:card\" content=\"summary_large_image\" \/>\n<meta name=\"twitter:label1\" content=\"Est. reading time\" \/>\n\t<meta name=\"twitter:data1\" content=\"2 minutes\" \/>\n<script type=\"application\/ld+json\" class=\"yoast-schema-graph\">{\"@context\":\"https:\/\/schema.org\",\"@graph\":[{\"@type\":\"WebPage\",\"@id\":\"https:\/\/rondvaartmiddelburg.nl\/de\/ueber-die-bootsfahrt\/\",\"url\":\"https:\/\/rondvaartmiddelburg.nl\/de\/ueber-die-bootsfahrt\/\",\"name\":\"\u00dcber die Bootsfahrt - Rondvaart Middelburg\",\"isPartOf\":{\"@id\":\"https:\/\/rondvaartmiddelburg.nl\/#website\"},\"datePublished\":\"2017-03-22T10:26:00+00:00\",\"dateModified\":\"2024-03-25T10:19:15+00:00\",\"breadcrumb\":{\"@id\":\"https:\/\/rondvaartmiddelburg.nl\/de\/ueber-die-bootsfahrt\/#breadcrumb\"},\"inLanguage\":\"de-DE\",\"potentialAction\":[{\"@type\":\"ReadAction\",\"target\":[\"https:\/\/rondvaartmiddelburg.nl\/de\/ueber-die-bootsfahrt\/\"]}]},{\"@type\":\"BreadcrumbList\",\"@id\":\"https:\/\/rondvaartmiddelburg.nl\/de\/ueber-die-bootsfahrt\/#breadcrumb\",\"itemListElement\":[{\"@type\":\"ListItem\",\"position\":1,\"name\":\"Home\",\"item\":\"https:\/\/rondvaartmiddelburg.nl\/de\/\"},{\"@type\":\"ListItem\",\"position\":2,\"name\":\"\u00dcber die Bootsfahrt\"}]},{\"@type\":\"WebSite\",\"@id\":\"https:\/\/rondvaartmiddelburg.nl\/#website\",\"url\":\"https:\/\/rondvaartmiddelburg.nl\/\",\"name\":\"Rondvaart Middelburg\",\"description\":\"\",\"potentialAction\":[{\"@type\":\"SearchAction\",\"target\":{\"@type\":\"EntryPoint\",\"urlTemplate\":\"https:\/\/rondvaartmiddelburg.nl\/?s={search_term_string}\"},\"query-input\":{\"@type\":\"PropertyValueSpecification\",\"valueRequired\":true,\"valueName\":\"search_term_string\"}}],\"inLanguage\":\"de-DE\"}]}<\/script>\n<!-- \/ Yoast SEO plugin. -->","yoast_head_json":{"title":"\u00dcber die Bootsfahrt - Rondvaart Middelburg","robots":{"index":"index","follow":"follow","max-snippet":"max-snippet:-1","max-image-preview":"max-image-preview:large","max-video-preview":"max-video-preview:-1"},"canonical":"https:\/\/rondvaartmiddelburg.nl\/de\/ueber-die-bootsfahrt\/","og_locale":"de_DE","og_type":"article","og_title":"\u00dcber die Bootsfahrt - Rondvaart Middelburg","og_description":"Bootsfahrt durch Middelburg Fahren Sie mit den Booten aus Middelburg und wir zeigen Ihnen diese historische Stadt vom Wasser aus. Seit 2004 organisiert Roland und Marleen van Banning die Bootsfahrten durch die sch\u00f6ne Stadt Middelburg. Wir Fahren mit Ihnen auf den sch\u00f6nen Grachten, und nehmen Sie mit entlang des Passantenhafen in der Innenstadt von Middelburg. [&hellip;]","og_url":"https:\/\/rondvaartmiddelburg.nl\/de\/ueber-die-bootsfahrt\/","og_site_name":"Rondvaart Middelburg","article_modified_time":"2024-03-25T10:19:15+00:00","twitter_card":"summary_large_image","twitter_misc":{"Est. reading time":"2 minutes"},"schema":{"@context":"https:\/\/schema.org","@graph":[{"@type":"WebPage","@id":"https:\/\/rondvaartmiddelburg.nl\/de\/ueber-die-bootsfahrt\/","url":"https:\/\/rondvaartmiddelburg.nl\/de\/ueber-die-bootsfahrt\/","name":"\u00dcber die Bootsfahrt - Rondvaart Middelburg","isPartOf":{"@id":"https:\/\/rondvaartmiddelburg.nl\/#website"},"datePublished":"2017-03-22T10:26:00+00:00","dateModified":"2024-03-25T10:19:15+00:00","breadcrumb":{"@id":"https:\/\/rondvaartmiddelburg.nl\/de\/ueber-die-bootsfahrt\/#breadcrumb"},"inLanguage":"de-DE","potentialAction":[{"@type":"ReadAction","target":["https:\/\/rondvaartmiddelburg.nl\/de\/ueber-die-bootsfahrt\/"]}]},{"@type":"BreadcrumbList","@id":"https:\/\/rondvaartmiddelburg.nl\/de\/ueber-die-bootsfahrt\/#breadcrumb","itemListElement":[{"@type":"ListItem","position":1,"name":"Home","item":"https:\/\/rondvaartmiddelburg.nl\/de\/"},{"@type":"ListItem","position":2,"name":"\u00dcber die Bootsfahrt"}]},{"@type":"WebSite","@id":"https:\/\/rondvaartmiddelburg.nl\/#website","url":"https:\/\/rondvaartmiddelburg.nl\/","name":"Rondvaart Middelburg","description":"","potentialAction":[{"@type":"SearchAction","target":{"@type":"EntryPoint","urlTemplate":"https:\/\/rondvaartmiddelburg.nl\/?s={search_term_string}"},"query-input":{"@type":"PropertyValueSpecification","valueRequired":true,"valueName":"search_term_string"}}],"inLanguage":"de-DE"}]}},"_links":{"self":[{"href":"https:\/\/rondvaartmiddelburg.nl\/de\/wp-json\/wp\/v2\/pages\/434","targetHints":{"allow":["GET"]}}],"collection":[{"href":"https:\/\/rondvaartmiddelburg.nl\/de\/wp-json\/wp\/v2\/pages"}],"about":[{"href":"https:\/\/rondvaartmiddelburg.nl\/de\/wp-json\/wp\/v2\/types\/page"}],"author":[{"embeddable":true,"href":"https:\/\/rondvaartmiddelburg.nl\/de\/wp-json\/wp\/v2\/users\/1"}],"replies":[{"embeddable":true,"href":"https:\/\/rondvaartmiddelburg.nl\/de\/wp-json\/wp\/v2\/comments?post=434"}],"version-history":[{"count":3,"href":"https:\/\/rondvaartmiddelburg.nl\/de\/wp-json\/wp\/v2\/pages\/434\/revisions"}],"predecessor-version":[{"id":793,"href":"https:\/\/rondvaartmiddelburg.nl\/de\/wp-json\/wp\/v2\/pages\/434\/revisions\/793"}],"wp:attachment":[{"href":"https:\/\/rondvaartmiddelburg.nl\/de\/wp-json\/wp\/v2\/media?parent=434"}],"curies":[{"name":"wp","href":"https:\/\/api.w.org\/{rel}","templated":true}]}}